{"id":1137,"date":"2020-06-16T07:37:02","date_gmt":"2020-06-16T07:37:02","guid":{"rendered":"https:\/\/marhama.org\/?page_id=1137"},"modified":"2021-04-15T12:12:56","modified_gmt":"2021-04-15T10:12:56","slug":"spenden","status":"publish","type":"page","link":"https:\/\/marhama.org\/?page_id=1137","title":{"rendered":"Jetzt spenden"},"content":{"rendered":"\t\t<div data-elementor-type=\"wp-page\" data-elementor-id=\"1137\" class=\"elementor elementor-1137\" data-elementor-post-type=\"page\">\n\t\t\t\t\t\t<section class=\"elementor-section elementor-top-section elementor-element elementor-element-0a2195d elementor-section-stretched elementor-section-content-middle elementor-section-boxed elementor-section-height-default elementor-section-height-default\" data-id=\"0a2195d\" data-element_type=\"section\" data-settings=\"{&quot;stretch_section&quot;:&quot;section-stretched&quot;,&quot;background_background&quot;:&quot;classic&quot;}\">\n\t\t\t\t\t\t\t<div class=\"elementor-background-overlay\"><\/div>\n\t\t\t\t\t\t\t<div class=\"elementor-container elementor-column-gap-default\">\n\t\t\t\t\t<div class=\"elementor-column elementor-col-50 elementor-top-column elementor-element elementor-element-fc78576\" data-id=\"fc78576\" data-element_type=\"column\">\n\t\t\t<div class=\"elementor-widget-wrap elementor-element-populated\">\n\t\t\t\t\t\t<div class=\"elementor-element elementor-element-69bb0f3 elementor-widget elementor-widget-heading\" data-id=\"69bb0f3\" data-element_type=\"widget\" data-widget_type=\"heading.default\">\n\t\t\t\t<div class=\"elementor-widget-container\">\n\t\t\t\t\t<h1 class=\"elementor-heading-title elementor-size-default\">Spenden Sie jetzt!<\/h1>\t\t\t\t<\/div>\n\t\t\t\t<\/div>\n\t\t\t\t<div class=\"elementor-element elementor-element-f39a6ac elementor-widget__width-auto elementor-widget-tablet__width-auto elementor-widget elementor-widget-heading\" data-id=\"f39a6ac\" data-element_type=\"widget\" data-widget_type=\"heading.default\">\n\t\t\t\t<div class=\"elementor-widget-container\">\n\t\t\t\t\t<h1 class=\"elementor-heading-title elementor-size-default\">MACHEN SIE MIT<\/h1>\t\t\t\t<\/div>\n\t\t\t\t<\/div>\n\t\t\t\t<div class=\"elementor-element elementor-element-c6ec5cb elementor-widget elementor-widget-heading\" data-id=\"c6ec5cb\" data-element_type=\"widget\" data-widget_type=\"heading.default\">\n\t\t\t\t<div class=\"elementor-widget-container\">\n\t\t\t\t\t<p class=\"elementor-heading-title elementor-size-default\">Ihre Spenden machen unsere Hilfsprojekte in Tunesien m\u00f6glich. Wir setzen Ihre Spende genau dort ein, wo die Hilfe am dringendsten ben\u00f6tigt wird. <\/p>\t\t\t\t<\/div>\n\t\t\t\t<\/div>\n\t\t\t\t\t<\/div>\n\t\t<\/div>\n\t\t\t\t<div class=\"elementor-column elementor-col-50 elementor-top-column elementor-element elementor-element-717bc4a elementor-invisible\" data-id=\"717bc4a\" data-element_type=\"column\" data-settings=\"{&quot;animation&quot;:&quot;fadeInRight&quot;}\">\n\t\t\t<div class=\"elementor-widget-wrap elementor-element-populated\">\n\t\t\t\t\t\t<div class=\"elementor-element elementor-element-95e9e19 elementor-widget elementor-widget-wp-widget-give_forms_widget\" data-id=\"95e9e19\" data-element_type=\"widget\" data-widget_type=\"wp-widget-give_forms_widget.default\">\n\t\t\t\t<div class=\"elementor-widget-container\">\n\t\t\t\t\t<div class=\"give-embed-form-wrapper\" id=\"give-69e2e5a97473b\"><iframe\n\t\t\t\tname=\"give-embed-form\"\n\t\t\t\tsrc=\"https:\/\/marhama.org?give_form_id=donation-form&giveDonationFormInIframe=1&rest_route=%2Fwp%2Fv2%2Fpages%2F1137#038;url_prefix=give\"\n\t\t\t\t\n\t\t\t\tdata-autoScroll=\"0\"\n\t\t\t\tonload=\"if( 'undefined' !== typeof Give ) { Give.initializeIframeResize(this) }\"\n\t\t\t\tstyle=\"border: 0;visibility: hidden;min-height: 645px;\"><\/iframe><div class=\"iframe-loader\">\n<div style=\"\n\t\theight: calc(100% - 28px);\n\t\twidth: calc(100% - 20px);\n\t\tmax-width: 552px;\n\t\tmargin: 10px auto 10px auto;\n\t\tbackground: transparent;\n\t\tborder-radius: 6px;\n\t\tdisplay: flex;\n\t\talign-items: center;\n\t\tjustify-content: center;\n\t\">\n    <div style=\"\n        pointer-events: none;\n        height: 90px;\n        width: 90px;\n        background-image: url(&quot;data:image\/svg+xml;charset=utf8,%3C?xml version='1.0' encoding='utf-8'?%3E%3C!-- Generator: Adobe Illustrator 24.1.0, SVG Export Plug-In . SVG Version: 6.00 Build 0) --%3E%3Csvg version='1.1' id='Layer_1' xmlns='http:\/\/www.w3.org\/2000\/svg' xmlns:xlink='http:\/\/www.w3.org\/1999\/xlink' x='0px' y='0px' viewBox='0 0 349 348' style='enable-background:new 0 0 349 348;' xml:space='preserve'%3E%3Cstyle type='text\/css'%3E .st0{fill:%2328C77B;} %3C\/style%3E%3Cpath class='st0' d='M25.1,204.57c-13.38,0-24.47-10.6-24.97-24.08C0.04,178.09,0,175.97,0,174C0,77.78,78.28-0.5,174.5-0.5 c13.81,0,25,11.19,25,25s-11.19,25-25,25C105.85,49.5,50,105.35,50,174c0,1.37,0.03,2.85,0.1,4.65c0.51,13.8-10.27,25.39-24.07,25.9 C25.72,204.56,25.41,204.57,25.1,204.57z'\/%3E%3Cpath class='st0' d='M174.5,348.5c-13.81,0-25-11.19-25-25c0-13.81,11.19-25,25-25c68.65,0,124.5-55.85,124.5-124.5 c0-1.38-0.03-2.85-0.1-4.65c-0.51-13.8,10.26-25.4,24.06-25.91c13.83-0.53,25.4,10.26,25.91,24.06c0.09,2.39,0.13,4.51,0.13,6.49 C349,270.22,270.72,348.5,174.5,348.5z'\/%3E%3C\/svg%3E&quot;);\n        animation: spin 0.6s linear infinite;\n        \"><\/div>\n<\/div>\n<\/div><\/div>\t\t\t\t<\/div>\n\t\t\t\t<\/div>\n\t\t\t\t\t<\/div>\n\t\t<\/div>\n\t\t\t\t\t<\/div>\n\t\t<\/section>\n\t\t\t\t<section class=\"elementor-section elementor-top-section elementor-element elementor-element-973b23c elementor-section-boxed elementor-section-height-default elementor-section-height-default\" data-id=\"973b23c\" data-element_type=\"section\">\n\t\t\t\t\t\t<div class=\"elementor-container elementor-column-gap-default\">\n\t\t\t\t\t<div class=\"elementor-column elementor-col-100 elementor-top-column elementor-element elementor-element-04a26b0\" data-id=\"04a26b0\" data-element_type=\"column\">\n\t\t\t<div class=\"elementor-widget-wrap\">\n\t\t\t\t\t\t\t<\/div>\n\t\t<\/div>\n\t\t\t\t\t<\/div>\n\t\t<\/section>\n\t\t\t\t<section class=\"elementor-section elementor-top-section elementor-element elementor-element-61da5a44 elementor-section-boxed elementor-section-height-default elementor-section-height-default\" data-id=\"61da5a44\" data-element_type=\"section\">\n\t\t\t\t\t\t<div class=\"elementor-container elementor-column-gap-default\">\n\t\t\t\t\t<div class=\"elementor-column elementor-col-33 elementor-top-column elementor-element elementor-element-6cfd22c4\" data-id=\"6cfd22c4\" data-element_type=\"column\">\n\t\t\t<div class=\"elementor-widget-wrap\">\n\t\t\t\t\t\t\t<\/div>\n\t\t<\/div>\n\t\t\t\t<div class=\"elementor-column elementor-col-33 elementor-top-column elementor-element elementor-element-6ca088be\" data-id=\"6ca088be\" data-element_type=\"column\">\n\t\t\t<div class=\"elementor-widget-wrap elementor-element-populated\">\n\t\t\t\t\t\t<div class=\"elementor-element elementor-element-772b4efa elementor-widget elementor-widget-heading\" data-id=\"772b4efa\" data-element_type=\"widget\" data-widget_type=\"heading.default\">\n\t\t\t\t<div class=\"elementor-widget-container\">\n\t\t\t\t\t<h1 class=\"elementor-heading-title elementor-size-default\">Damit wir die Lebensbedingungen bed\u00fcrftiger Menschen langfristig und nachhaltig verbessern<\/h1>\t\t\t\t<\/div>\n\t\t\t\t<\/div>\n\t\t\t\t\t<\/div>\n\t\t<\/div>\n\t\t\t\t<div class=\"elementor-column elementor-col-33 elementor-top-column elementor-element elementor-element-dcca879\" data-id=\"dcca879\" data-element_type=\"column\">\n\t\t\t<div class=\"elementor-widget-wrap\">\n\t\t\t\t\t\t\t<\/div>\n\t\t<\/div>\n\t\t\t\t\t<\/div>\n\t\t<\/section>\n\t\t\t\t<section class=\"elementor-section elementor-top-section elementor-element elementor-element-34c9394 elementor-section-full_width elementor-section-height-default elementor-section-height-default\" data-id=\"34c9394\" data-element_type=\"section\">\n\t\t\t\t\t\t<div class=\"elementor-container elementor-column-gap-default\">\n\t\t\t\t\t<div class=\"elementor-column elementor-col-100 elementor-top-column elementor-element elementor-element-4a24b2e\" data-id=\"4a24b2e\" data-element_type=\"column\">\n\t\t\t<div class=\"elementor-widget-wrap elementor-element-populated\">\n\t\t\t\t\t\t<div class=\"elementor-element elementor-element-169140d elementor-widget elementor-widget-causes\" data-id=\"169140d\" data-element_type=\"widget\" data-widget_type=\"causes.default\">\n\t\t\t\t<div class=\"elementor-widget-container\">\n\t\t\t\t\t\n    <div class=\"nd_donations_section nd_donations_masonry_content\">\n  <div class=\" nd_donations_width_33_percentage nd_donations_causes_widget_l1 nd_donations_width_100_percentage_responsive nd_donations_float_left nd_donations_masonry_item nd_donations_padding_15 nd_donations_box_sizing_border_box\">\n\n    <div class=\"nd_donations_section nd_donations_background_color_fff nd_donations_box_shadow_0_0_15_0_0001\">\n\n      \n\n\n    <div class=\"nd_donations_section nd_donations_position_relative\">\n\n      <img decoding=\"async\" alt=\"\" class=\"nd_donations_section nd_donations_postgrid_causes_single_cause_img\" src=\"https:\/\/marhama.org\/wp-content\/uploads\/2021\/03\/IMG_0922-1024x683.jpg\">\n    <\/div>\n\n      <div class=\"nd_donations_section nd_donations_padding_40 nd_donations_padding_20_iphone nd_donations_box_sizing_border_box\">\n\n        <a class=\"nd_donations_section\" href=\"https:\/\/marhama.org\/?campaigns=schultaschen-kampagne\">\n          <h3 class=\"nd_donations_font_size_23 nd_donations_word_break_break_word nd_donations_font_size_20_iphone nd_donations_line_height_23 nd_donations_margin_0_important nd_donations_letter_spacing_1\"><strong>K\u00e4lte Aktion<\/strong><\/h3>\n        <\/a>\n        <div class=\"nd_donations_section nd_donations_height_20\"><\/div>\n        <p class=\"nd_donations_font_size_15 nd_donations_line_height_1_8_em nd_donations_section nd_donations_margin_0_important\">Wir m\u00f6chten das Leiden ganzer Dorfgemeinden in der kalten Jahreszeit mindern. \r\n<\/p>\n        <div class=\"nd_donations_section nd_donations_height_30\"><\/div>\n        \n        <div class=\"nd_donations_section nd_donations_height_30\"><\/div>\n        <a style=\"background-color:#2272b6\" class=\"nd_donations_font_size_13 nd_donations_line_height_13 nd_donations_color_white_important nd_donations_padding_10_20 nd_donations_letter_spacing_1\" href=\"https:\/\/marhama.org\/?campaigns=schultaschen-kampagne\"><strong>DETAILS<\/strong><\/a>\n\n    <\/div>\n\n  <\/div>\n    \n<\/div>\n  <div class=\" nd_donations_width_33_percentage nd_donations_causes_widget_l1 nd_donations_width_100_percentage_responsive nd_donations_float_left nd_donations_masonry_item nd_donations_padding_15 nd_donations_box_sizing_border_box\">\n\n    <div class=\"nd_donations_section nd_donations_background_color_fff nd_donations_box_shadow_0_0_15_0_0001\">\n\n      \n\n\n    <div class=\"nd_donations_section nd_donations_position_relative\">\n\n      <img decoding=\"async\" alt=\"\" class=\"nd_donations_section nd_donations_postgrid_causes_single_cause_img\" src=\"https:\/\/marhama.org\/wp-content\/uploads\/2021\/03\/95607297_3434601279888758_736322162364776448_n.jpg\">\n    <\/div>\n\n      <div class=\"nd_donations_section nd_donations_padding_40 nd_donations_padding_20_iphone nd_donations_box_sizing_border_box\">\n\n        <a class=\"nd_donations_section\" href=\"https:\/\/marhama.org\/?campaigns=corona-hilfsaktion\">\n          <h3 class=\"nd_donations_font_size_23 nd_donations_word_break_break_word nd_donations_font_size_20_iphone nd_donations_line_height_23 nd_donations_margin_0_important nd_donations_letter_spacing_1\"><strong>CORONA-Hilfsaktion<\/strong><\/h3>\n        <\/a>\n        <div class=\"nd_donations_section nd_donations_height_20\"><\/div>\n        <p class=\"nd_donations_font_size_15 nd_donations_line_height_1_8_em nd_donations_section nd_donations_margin_0_important\">Gemeinsam mit den kommunalen Beh\u00f6rden in den Armutsregionen Tunesiens versuchen wir Leben zu retten.  \r\n<\/p>\n        <div class=\"nd_donations_section nd_donations_height_30\"><\/div>\n        \n        <div class=\"nd_donations_section nd_donations_height_30\"><\/div>\n        <a style=\"background-color:#2272b6\" class=\"nd_donations_font_size_13 nd_donations_line_height_13 nd_donations_color_white_important nd_donations_padding_10_20 nd_donations_letter_spacing_1\" href=\"https:\/\/marhama.org\/?campaigns=corona-hilfsaktion\"><strong>DETAILS<\/strong><\/a>\n\n    <\/div>\n\n  <\/div>\n    \n<\/div>\n  <div class=\" nd_donations_width_33_percentage nd_donations_causes_widget_l1 nd_donations_width_100_percentage_responsive nd_donations_float_left nd_donations_masonry_item nd_donations_padding_15 nd_donations_box_sizing_border_box\">\n\n    <div class=\"nd_donations_section nd_donations_background_color_fff nd_donations_box_shadow_0_0_15_0_0001\">\n\n      \n\n\n    <div class=\"nd_donations_section nd_donations_position_relative\">\n\n      <img decoding=\"async\" alt=\"\" class=\"nd_donations_section nd_donations_postgrid_causes_single_cause_img\" src=\"https:\/\/marhama.org\/wp-content\/uploads\/2021\/04\/53472742_2543341439014751_1809076392994799616_n.jpg\">\n    <\/div>\n\n      <div class=\"nd_donations_section nd_donations_padding_40 nd_donations_padding_20_iphone nd_donations_box_sizing_border_box\">\n\n        <a class=\"nd_donations_section\" href=\"https:\/\/marhama.org\/?campaigns=selbsthilfe-projekte\">\n          <h3 class=\"nd_donations_font_size_23 nd_donations_word_break_break_word nd_donations_font_size_20_iphone nd_donations_line_height_23 nd_donations_margin_0_important nd_donations_letter_spacing_1\"><strong>Selbsthilfe-Projekte<\/strong><\/h3>\n        <\/a>\n        <div class=\"nd_donations_section nd_donations_height_20\"><\/div>\n        <p class=\"nd_donations_font_size_15 nd_donations_line_height_1_8_em nd_donations_section nd_donations_margin_0_important\">Mit gezielten Investitionen verhelfen wir talentierte Frauen und M\u00e4nner zur erfolgreichen Selbstst\u00e4ndigkeit. \r\n<\/p>\n        <div class=\"nd_donations_section nd_donations_height_30\"><\/div>\n        \n        <div class=\"nd_donations_section nd_donations_height_30\"><\/div>\n        <a style=\"background-color:#2272b6\" class=\"nd_donations_font_size_13 nd_donations_line_height_13 nd_donations_color_white_important nd_donations_padding_10_20 nd_donations_letter_spacing_1\" href=\"https:\/\/marhama.org\/?campaigns=selbsthilfe-projekte\"><strong>DETAILS<\/strong><\/a>\n\n    <\/div>\n\n  <\/div>\n    \n<\/div>\n    <\/div>\t\t\t\t<\/div>\n\t\t\t\t<\/div>\n\t\t\t\t\t<\/div>\n\t\t<\/div>\n\t\t\t\t\t<\/div>\n\t\t<\/section>\n\t\t\t\t<section class=\"elementor-section elementor-top-section elementor-element elementor-element-5c8c266 elementor-section-full_width elementor-section-height-default elementor-section-height-default\" data-id=\"5c8c266\" data-element_type=\"section\">\n\t\t\t\t\t\t<div class=\"elementor-container elementor-column-gap-default\">\n\t\t\t\t\t<div class=\"elementor-column elementor-col-100 elementor-top-column elementor-element elementor-element-4bf3fc8\" data-id=\"4bf3fc8\" data-element_type=\"column\">\n\t\t\t<div class=\"elementor-widget-wrap elementor-element-populated\">\n\t\t\t\t\t\t<div class=\"elementor-element elementor-element-77c63ec elementor-widget elementor-widget-causes\" data-id=\"77c63ec\" data-element_type=\"widget\" data-widget_type=\"causes.default\">\n\t\t\t\t<div class=\"elementor-widget-container\">\n\t\t\t\t\t\n    <div class=\"nd_donations_section nd_donations_masonry_content\">\n  <div class=\" nd_donations_width_33_percentage nd_donations_causes_widget_l1 nd_donations_width_100_percentage_responsive nd_donations_float_left nd_donations_masonry_item nd_donations_padding_15 nd_donations_box_sizing_border_box\">\n\n    <div class=\"nd_donations_section nd_donations_background_color_fff nd_donations_box_shadow_0_0_15_0_0001\">\n\n      \n\n\n    <div class=\"nd_donations_section nd_donations_position_relative\">\n\n      <img decoding=\"async\" alt=\"\" class=\"nd_donations_section nd_donations_postgrid_causes_single_cause_img\" src=\"https:\/\/marhama.org\/wp-content\/uploads\/2021\/04\/140519807_4187711271244418_2729130608377740087_o-1024x683.jpg\">\n    <\/div>\n\n      <div class=\"nd_donations_section nd_donations_padding_40 nd_donations_padding_20_iphone nd_donations_box_sizing_border_box\">\n\n        <a class=\"nd_donations_section\" href=\"https:\/\/marhama.org\/?projects=nationalverband-der-sehbehinderten\">\n          <h3 class=\"nd_donations_font_size_23 nd_donations_word_break_break_word nd_donations_font_size_20_iphone nd_donations_line_height_23 nd_donations_margin_0_important nd_donations_letter_spacing_1\"><strong>Nationalverband der Sehbehinderten<\/strong><\/h3>\n        <\/a>\n        <div class=\"nd_donations_section nd_donations_height_20\"><\/div>\n        <p class=\"nd_donations_font_size_15 nd_donations_line_height_1_8_em nd_donations_section nd_donations_margin_0_important\">Renovierung und Ausstattung des Nationalverband der Blinden und Sehbehinderten Tunesien. <\/p>\n        <div class=\"nd_donations_section nd_donations_height_30\"><\/div>\n        \n        <div class=\"nd_donations_section nd_donations_height_30\"><\/div>\n        <a style=\"background-color:#f24a29\" class=\"nd_donations_font_size_13 nd_donations_line_height_13 nd_donations_color_white_important nd_donations_padding_10_20 nd_donations_letter_spacing_1\" href=\"https:\/\/marhama.org\/?projects=nationalverband-der-sehbehinderten\"><strong>DETAILS<\/strong><\/a>\n\n    <\/div>\n\n  <\/div>\n    \n<\/div>\n  <div class=\" nd_donations_width_33_percentage nd_donations_causes_widget_l1 nd_donations_width_100_percentage_responsive nd_donations_float_left nd_donations_masonry_item nd_donations_padding_15 nd_donations_box_sizing_border_box\">\n\n    <div class=\"nd_donations_section nd_donations_background_color_fff nd_donations_box_shadow_0_0_15_0_0001\">\n\n      \n\n\n    <div class=\"nd_donations_section nd_donations_position_relative\">\n\n      <img decoding=\"async\" alt=\"\" class=\"nd_donations_section nd_donations_postgrid_causes_single_cause_img\" src=\"https:\/\/marhama.org\/wp-content\/uploads\/2021\/04\/136149754_4153904397958439_6181513580256739275_o-1024x576.jpg\">\n    <\/div>\n\n      <div class=\"nd_donations_section nd_donations_padding_40 nd_donations_padding_20_iphone nd_donations_box_sizing_border_box\">\n\n        <a class=\"nd_donations_section\" href=\"https:\/\/marhama.org\/?projects=selbsthilfe-projekte-tunesien\">\n          <h3 class=\"nd_donations_font_size_23 nd_donations_word_break_break_word nd_donations_font_size_20_iphone nd_donations_line_height_23 nd_donations_margin_0_important nd_donations_letter_spacing_1\"><strong>75 Selbsthilfe Projekte im S\u00fcdwesten Tunesiens<\/strong><\/h3>\n        <\/a>\n        <div class=\"nd_donations_section nd_donations_height_20\"><\/div>\n        <p class=\"nd_donations_font_size_15 nd_donations_line_height_1_8_em nd_donations_section nd_donations_margin_0_important\">Mit gezielten Investitionen verhelfen wir talentierte Frauen und M\u00e4nner zur erfolgreichen Selbstst\u00e4ndigkeit. \r\n<\/p>\n        <div class=\"nd_donations_section nd_donations_height_30\"><\/div>\n        \n        <div class=\"nd_donations_section nd_donations_height_30\"><\/div>\n        <a style=\"background-color:#f24a29\" class=\"nd_donations_font_size_13 nd_donations_line_height_13 nd_donations_color_white_important nd_donations_padding_10_20 nd_donations_letter_spacing_1\" href=\"https:\/\/marhama.org\/?projects=selbsthilfe-projekte-tunesien\"><strong>DETAILS<\/strong><\/a>\n\n    <\/div>\n\n  <\/div>\n    \n<\/div>\n  <div class=\" nd_donations_width_33_percentage nd_donations_causes_widget_l1 nd_donations_width_100_percentage_responsive nd_donations_float_left nd_donations_masonry_item nd_donations_padding_15 nd_donations_box_sizing_border_box\">\n\n    <div class=\"nd_donations_section nd_donations_background_color_fff nd_donations_box_shadow_0_0_15_0_0001\">\n\n      \n\n\n    <div class=\"nd_donations_section nd_donations_position_relative\">\n\n      <img decoding=\"async\" alt=\"\" class=\"nd_donations_section nd_donations_postgrid_causes_single_cause_img\" src=\"https:\/\/marhama.org\/wp-content\/uploads\/2021\/04\/67363024_2786327871382772_6895886455508303872_n.jpg\">\n    <\/div>\n\n      <div class=\"nd_donations_section nd_donations_padding_40 nd_donations_padding_20_iphone nd_donations_box_sizing_border_box\">\n\n        <a class=\"nd_donations_section\" href=\"https:\/\/marhama.org\/?projects=beispiel-projekt\">\n          <h3 class=\"nd_donations_font_size_23 nd_donations_word_break_break_word nd_donations_font_size_20_iphone nd_donations_line_height_23 nd_donations_margin_0_important nd_donations_letter_spacing_1\"><strong>\u00d6ffentliche Klinik in Sidi Bouzid<\/strong><\/h3>\n        <\/a>\n        <div class=\"nd_donations_section nd_donations_height_20\"><\/div>\n        <p class=\"nd_donations_font_size_15 nd_donations_line_height_1_8_em nd_donations_section nd_donations_margin_0_important\">Bau und Ausstattung einer \u00f6ffentliche Klinik f\u00fcr Unfall- und Allgemeinmedizin in Touila im l\u00e4ndlichem Raum von Sidi Bouzid. \r\n<\/p>\n        <div class=\"nd_donations_section nd_donations_height_30\"><\/div>\n        \n        <div class=\"nd_donations_section nd_donations_height_30\"><\/div>\n        <a style=\"background-color:#f24a29\" class=\"nd_donations_font_size_13 nd_donations_line_height_13 nd_donations_color_white_important nd_donations_padding_10_20 nd_donations_letter_spacing_1\" href=\"https:\/\/marhama.org\/?projects=beispiel-projekt\"><strong>DETAILS<\/strong><\/a>\n\n    <\/div>\n\n  <\/div>\n    \n<\/div>\n    <\/div>\t\t\t\t<\/div>\n\t\t\t\t<\/div>\n\t\t\t\t\t<\/div>\n\t\t<\/div>\n\t\t\t\t\t<\/div>\n\t\t<\/section>\n\t\t\t\t<\/div>\n\t\t","protected":false},"excerpt":{"rendered":"<p>Spenden Sie jetzt! MACHEN SIE MIT Ihre Spenden machen unsere Hilfsprojekte in Tunesien m\u00f6glich. Wir setzen Ihre Spende genau dort ein, wo die Hilfe am dringendsten ben\u00f6tigt wird. Damit wir die Lebensbedingungen bed\u00fcrftiger Menschen langfristig und nachhaltig verbessern Opferfest-Kampagne Mit der allj\u00e4hrlichen Opferfest-Kampagne schenken wir bed\u00fcrftigen Menschen Familienzeit und Freude. DETAILS Ramadan Kampagne Um die [&hellip;]<\/p>\n","protected":false},"author":1,"featured_media":0,"parent":0,"menu_order":0,"comment_status":"closed","ping_status":"closed","template":"","meta":{"give_campaign_id":0,"footnotes":""},"class_list":["post-1137","page","type-page","status-publish","hentry"],"campaignId":"","_links":{"self":[{"href":"https:\/\/marhama.org\/index.php?rest_route=\/wp\/v2\/pages\/1137","targetHints":{"allow":["GET"]}}],"collection":[{"href":"https:\/\/marhama.org\/index.php?rest_route=\/wp\/v2\/pages"}],"about":[{"href":"https:\/\/marhama.org\/index.php?rest_route=\/wp\/v2\/types\/page"}],"author":[{"embeddable":true,"href":"https:\/\/marhama.org\/index.php?rest_route=\/wp\/v2\/users\/1"}],"replies":[{"embeddable":true,"href":"https:\/\/marhama.org\/index.php?rest_route=%2Fwp%2Fv2%2Fcomments&post=1137"}],"version-history":[{"count":23,"href":"https:\/\/marhama.org\/index.php?rest_route=\/wp\/v2\/pages\/1137\/revisions"}],"predecessor-version":[{"id":4951,"href":"https:\/\/marhama.org\/index.php?rest_route=\/wp\/v2\/pages\/1137\/revisions\/4951"}],"wp:attachment":[{"href":"https:\/\/marhama.org\/index.php?rest_route=%2Fwp%2Fv2%2Fmedia&parent=1137"}],"curies":[{"name":"wp","href":"https:\/\/api.w.org\/{rel}","templated":true}]}}