{"id":3606,"date":"2021-03-23T15:49:44","date_gmt":"2021-03-23T14:49:44","guid":{"rendered":"https:\/\/marhama.org\/?page_id=3606"},"modified":"2023-03-12T16:28:27","modified_gmt":"2023-03-12T15:28:27","slug":"projekte","status":"publish","type":"page","link":"https:\/\/marhama.org\/?page_id=3606","title":{"rendered":"Projekte"},"content":{"rendered":"\t\t<div data-elementor-type=\"wp-page\" data-elementor-id=\"3606\" class=\"elementor elementor-3606\" data-elementor-post-type=\"page\">\n\t\t\t\t\t\t<section class=\"elementor-section elementor-top-section elementor-element elementor-element-5bcbe8cf elementor-section-stretched elementor-section-boxed elementor-section-height-default elementor-section-height-default\" data-id=\"5bcbe8cf\" data-element_type=\"section\" data-settings=\"{&quot;stretch_section&quot;:&quot;section-stretched&quot;,&quot;background_background&quot;:&quot;classic&quot;}\">\n\t\t\t\t\t\t\t<div class=\"elementor-background-overlay\"><\/div>\n\t\t\t\t\t\t\t<div class=\"elementor-container elementor-column-gap-default\">\n\t\t\t\t\t<div class=\"elementor-column elementor-col-33 elementor-top-column elementor-element elementor-element-f551bb8\" data-id=\"f551bb8\" data-element_type=\"column\">\n\t\t\t<div class=\"elementor-widget-wrap\">\n\t\t\t\t\t\t\t<\/div>\n\t\t<\/div>\n\t\t\t\t<div class=\"elementor-column elementor-col-33 elementor-top-column elementor-element elementor-element-1e350281 nd_options_text_align_center\" data-id=\"1e350281\" data-element_type=\"column\">\n\t\t\t<div class=\"elementor-widget-wrap elementor-element-populated\">\n\t\t\t\t\t\t<div class=\"elementor-element elementor-element-60ef6090 elementor-widget elementor-widget-heading\" data-id=\"60ef6090\" data-element_type=\"widget\" data-widget_type=\"heading.default\">\n\t\t\t\t<div class=\"elementor-widget-container\">\n\t\t\t\t\t<h1 class=\"elementor-heading-title elementor-size-default\">Unsere Projekte<\/h1>\t\t\t\t<\/div>\n\t\t\t\t<\/div>\n\t\t\t\t<div class=\"elementor-element elementor-element-3bc68703 elementor-widget elementor-widget-text-editor\" data-id=\"3bc68703\" data-element_type=\"widget\" data-widget_type=\"text-editor.default\">\n\t\t\t\t<div class=\"elementor-widget-container\">\n\t\t\t\t\t\t\t\t\t<span style=\"color: #ffffff;\">Marhama verf\u00fcgt \u00fcber ein sehr gut organisiertes Netzwerk aus ehrenamtlichen Helfern, und \u00fcber eine sichere Informationsgrundlage zur aktuellen Armutssituation. <br>Mit Ihrer Hilfe Bauen wir Schulen und Krankenstationen. Mit Ihrer Spende investieren wir in die Infrastruktur verarmter Regionen in Tunesien.<\/span>\t\t\t\t\t\t\t\t<\/div>\n\t\t\t\t<\/div>\n\t\t\t\t<div class=\"elementor-element elementor-element-05332e9 elementor-icon-list--layout-inline elementor-align-center elementor-list-item-link-full_width elementor-widget elementor-widget-icon-list\" data-id=\"05332e9\" data-element_type=\"widget\" data-widget_type=\"icon-list.default\">\n\t\t\t\t<div class=\"elementor-widget-container\">\n\t\t\t\t\t\t\t<ul class=\"elementor-icon-list-items elementor-inline-items\">\n\t\t\t\t\t\t\t<li class=\"elementor-icon-list-item elementor-inline-item\">\n\t\t\t\t\t\t\t\t\t\t\t<span class=\"elementor-icon-list-icon\">\n\t\t\t\t\t\t\t<i aria-hidden=\"true\" class=\"fab fa-cc-visa\"><\/i>\t\t\t\t\t\t<\/span>\n\t\t\t\t\t\t\t\t\t\t<span class=\"elementor-icon-list-text\"><\/span>\n\t\t\t\t\t\t\t\t\t<\/li>\n\t\t\t\t\t\t\t\t<li class=\"elementor-icon-list-item elementor-inline-item\">\n\t\t\t\t\t\t\t\t\t\t\t<span class=\"elementor-icon-list-icon\">\n\t\t\t\t\t\t\t<i aria-hidden=\"true\" class=\"fab fa-cc-mastercard\"><\/i>\t\t\t\t\t\t<\/span>\n\t\t\t\t\t\t\t\t\t\t<span class=\"elementor-icon-list-text\"><\/span>\n\t\t\t\t\t\t\t\t\t<\/li>\n\t\t\t\t\t\t\t\t<li class=\"elementor-icon-list-item elementor-inline-item\">\n\t\t\t\t\t\t\t\t\t\t\t<span class=\"elementor-icon-list-icon\">\n\t\t\t\t\t\t\t<i aria-hidden=\"true\" class=\"fab fa-cc-paypal\"><\/i>\t\t\t\t\t\t<\/span>\n\t\t\t\t\t\t\t\t\t\t<span class=\"elementor-icon-list-text\"><\/span>\n\t\t\t\t\t\t\t\t\t<\/li>\n\t\t\t\t\t\t\t\t<li class=\"elementor-icon-list-item elementor-inline-item\">\n\t\t\t\t\t\t\t\t\t\t\t<span class=\"elementor-icon-list-icon\">\n\t\t\t\t\t\t\t<i aria-hidden=\"true\" class=\"fab fa-cc-stripe\"><\/i>\t\t\t\t\t\t<\/span>\n\t\t\t\t\t\t\t\t\t\t<span class=\"elementor-icon-list-text\"><\/span>\n\t\t\t\t\t\t\t\t\t<\/li>\n\t\t\t\t\t\t<\/ul>\n\t\t\t\t\t\t<\/div>\n\t\t\t\t<\/div>\n\t\t\t\t<div class=\"elementor-element elementor-element-2bed08a7 elementor-widget elementor-widget-shortcode\" data-id=\"2bed08a7\" data-element_type=\"widget\" id=\"button_cause\" data-widget_type=\"shortcode.default\">\n\t\t\t\t<div class=\"elementor-widget-container\">\n\t\t\t\t\t\t\t<div class=\"elementor-shortcode\"><div class=\"give_notices give_errors\" id=\"give_error_warning\">\n\t\t\t\t\t\t<p class=\"give_notice give_warning\" data-dismissible=\"\" data-dismiss-interval=\"5000\" data-dismiss-type=\"\">\n\t\t\t\t\t\t\tThe form is not published.\n\t\t\t\t\t\t<\/p>\n\t\t\t\t\t\t\n\t\t\t\t\t<\/div><\/div>\n\t\t\t\t\t\t<\/div>\n\t\t\t\t<\/div>\n\t\t\t\t\t<\/div>\n\t\t<\/div>\n\t\t\t\t<div class=\"elementor-column elementor-col-33 elementor-top-column elementor-element elementor-element-2b6a949d\" data-id=\"2b6a949d\" data-element_type=\"column\">\n\t\t\t<div class=\"elementor-widget-wrap\">\n\t\t\t\t\t\t\t<\/div>\n\t\t<\/div>\n\t\t\t\t\t<\/div>\n\t\t<\/section>\n\t\t\t\t<section class=\"elementor-section elementor-top-section elementor-element elementor-element-ab7988a elementor-section-stretched elementor-section-boxed elementor-section-height-default elementor-section-height-default\" data-id=\"ab7988a\" data-element_type=\"section\" data-settings=\"{&quot;stretch_section&quot;:&quot;section-stretched&quot;,&quot;background_background&quot;:&quot;classic&quot;}\">\n\t\t\t\t\t\t<div class=\"elementor-container elementor-column-gap-default\">\n\t\t\t\t\t<div class=\"elementor-column elementor-col-100 elementor-top-column elementor-element elementor-element-f54423f\" data-id=\"f54423f\" data-element_type=\"column\">\n\t\t\t<div class=\"elementor-widget-wrap elementor-element-populated\">\n\t\t\t\t\t\t<div class=\"elementor-element elementor-element-3c1b22c elementor-invisible elementor-widget elementor-widget-causes\" data-id=\"3c1b22c\" data-element_type=\"widget\" data-settings=\"{&quot;_animation&quot;:&quot;fadeInUp&quot;}\" data-widget_type=\"causes.default\">\n\t\t\t\t<div class=\"elementor-widget-container\">\n\t\t\t\t\t\n    <div class=\"nd_donations_section nd_donations_masonry_content\">\n  <div class=\" nd_donations_width_33_percentage nd_donations_causes_widget_l1 nd_donations_width_100_percentage_responsive nd_donations_float_left nd_donations_masonry_item nd_donations_padding_15 nd_donations_box_sizing_border_box\">\n\n    <div class=\"nd_donations_section nd_donations_background_color_fff nd_donations_box_shadow_0_0_15_0_0001\">\n\n      \n\n\n    <div class=\"nd_donations_section nd_donations_position_relative\">\n\n      <img decoding=\"async\" alt=\"\" class=\"nd_donations_section nd_donations_postgrid_causes_single_cause_img\" src=\"https:\/\/marhama.org\/wp-content\/uploads\/2021\/04\/166401590_4388110547871155_4032988014161889266_n-1024x576.jpeg\">\n    <\/div>\n\n      <div class=\"nd_donations_section nd_donations_padding_40 nd_donations_padding_20_iphone nd_donations_box_sizing_border_box\">\n\n        <a class=\"nd_donations_section\" href=\"https:\/\/marhama.org\/?projects=oeffentliche-klinik-in-jendouba\">\n          <h3 class=\"nd_donations_font_size_23 nd_donations_word_break_break_word nd_donations_font_size_20_iphone nd_donations_line_height_23 nd_donations_margin_0_important nd_donations_letter_spacing_1\"><strong>\u00d6ffentliche Klinik in Jendouba<\/strong><\/h3>\n        <\/a>\n        <div class=\"nd_donations_section nd_donations_height_20\"><\/div>\n        <p class=\"nd_donations_font_size_15 nd_donations_line_height_1_8_em nd_donations_section nd_donations_margin_0_important\">Bau und Ausstattung einer \u00f6ffentlichen Klinik f\u00fcr Allgemein und Zahnmedizin in Dkhalia im l\u00e4ndlichem Raum von Jendouba. \r\n<\/p>\n        <div class=\"nd_donations_section nd_donations_height_30\"><\/div>\n        \n        <div class=\"nd_donations_section nd_donations_height_30\"><\/div>\n        <a style=\"background-color:#f24a29\" class=\"nd_donations_font_size_13 nd_donations_line_height_13 nd_donations_color_white_important nd_donations_padding_10_20 nd_donations_letter_spacing_1\" href=\"https:\/\/marhama.org\/?projects=oeffentliche-klinik-in-jendouba\"><strong>DETAILS<\/strong><\/a>\n\n    <\/div>\n\n  <\/div>\n    \n<\/div>\n  <div class=\" nd_donations_width_33_percentage nd_donations_causes_widget_l1 nd_donations_width_100_percentage_responsive nd_donations_float_left nd_donations_masonry_item nd_donations_padding_15 nd_donations_box_sizing_border_box\">\n\n    <div class=\"nd_donations_section nd_donations_background_color_fff nd_donations_box_shadow_0_0_15_0_0001\">\n\n      \n\n\n    <div class=\"nd_donations_section nd_donations_position_relative\">\n\n      <img decoding=\"async\" alt=\"\" class=\"nd_donations_section nd_donations_postgrid_causes_single_cause_img\" src=\"https:\/\/marhama.org\/wp-content\/uploads\/2021\/04\/140519807_4187711271244418_2729130608377740087_o-1024x683.jpg\">\n    <\/div>\n\n      <div class=\"nd_donations_section nd_donations_padding_40 nd_donations_padding_20_iphone nd_donations_box_sizing_border_box\">\n\n        <a class=\"nd_donations_section\" href=\"https:\/\/marhama.org\/?projects=nationalverband-der-sehbehinderten\">\n          <h3 class=\"nd_donations_font_size_23 nd_donations_word_break_break_word nd_donations_font_size_20_iphone nd_donations_line_height_23 nd_donations_margin_0_important nd_donations_letter_spacing_1\"><strong>Nationalverband der Sehbehinderten<\/strong><\/h3>\n        <\/a>\n        <div class=\"nd_donations_section nd_donations_height_20\"><\/div>\n        <p class=\"nd_donations_font_size_15 nd_donations_line_height_1_8_em nd_donations_section nd_donations_margin_0_important\">Renovierung und Ausstattung des Nationalverband der Blinden und Sehbehinderten Tunesien. <\/p>\n        <div class=\"nd_donations_section nd_donations_height_30\"><\/div>\n        \n        <div class=\"nd_donations_section nd_donations_height_30\"><\/div>\n        <a style=\"background-color:#f24a29\" class=\"nd_donations_font_size_13 nd_donations_line_height_13 nd_donations_color_white_important nd_donations_padding_10_20 nd_donations_letter_spacing_1\" href=\"https:\/\/marhama.org\/?projects=nationalverband-der-sehbehinderten\"><strong>DETAILS<\/strong><\/a>\n\n    <\/div>\n\n  <\/div>\n    \n<\/div>\n  <div class=\" nd_donations_width_33_percentage nd_donations_causes_widget_l1 nd_donations_width_100_percentage_responsive nd_donations_float_left nd_donations_masonry_item nd_donations_padding_15 nd_donations_box_sizing_border_box\">\n\n    <div class=\"nd_donations_section nd_donations_background_color_fff nd_donations_box_shadow_0_0_15_0_0001\">\n\n      \n\n\n    <div class=\"nd_donations_section nd_donations_position_relative\">\n\n      <img decoding=\"async\" alt=\"\" class=\"nd_donations_section nd_donations_postgrid_causes_single_cause_img\" src=\"https:\/\/marhama.org\/wp-content\/uploads\/2021\/04\/136149754_4153904397958439_6181513580256739275_o-1024x576.jpg\">\n    <\/div>\n\n      <div class=\"nd_donations_section nd_donations_padding_40 nd_donations_padding_20_iphone nd_donations_box_sizing_border_box\">\n\n        <a class=\"nd_donations_section\" href=\"https:\/\/marhama.org\/?projects=selbsthilfe-projekte-tunesien\">\n          <h3 class=\"nd_donations_font_size_23 nd_donations_word_break_break_word nd_donations_font_size_20_iphone nd_donations_line_height_23 nd_donations_margin_0_important nd_donations_letter_spacing_1\"><strong>75 Selbsthilfe Projekte im S\u00fcdwesten Tunesiens<\/strong><\/h3>\n        <\/a>\n        <div class=\"nd_donations_section nd_donations_height_20\"><\/div>\n        <p class=\"nd_donations_font_size_15 nd_donations_line_height_1_8_em nd_donations_section nd_donations_margin_0_important\">Mit gezielten Investitionen verhelfen wir talentierte Frauen und M\u00e4nner zur erfolgreichen Selbstst\u00e4ndigkeit. \r\n<\/p>\n        <div class=\"nd_donations_section nd_donations_height_30\"><\/div>\n        \n        <div class=\"nd_donations_section nd_donations_height_30\"><\/div>\n        <a style=\"background-color:#f24a29\" class=\"nd_donations_font_size_13 nd_donations_line_height_13 nd_donations_color_white_important nd_donations_padding_10_20 nd_donations_letter_spacing_1\" href=\"https:\/\/marhama.org\/?projects=selbsthilfe-projekte-tunesien\"><strong>DETAILS<\/strong><\/a>\n\n    <\/div>\n\n  <\/div>\n    \n<\/div>\n  <div class=\" nd_donations_width_33_percentage nd_donations_causes_widget_l1 nd_donations_width_100_percentage_responsive nd_donations_float_left nd_donations_masonry_item nd_donations_padding_15 nd_donations_box_sizing_border_box\">\n\n    <div class=\"nd_donations_section nd_donations_background_color_fff nd_donations_box_shadow_0_0_15_0_0001\">\n\n      \n\n\n    <div class=\"nd_donations_section nd_donations_position_relative\">\n\n      <img decoding=\"async\" alt=\"\" class=\"nd_donations_section nd_donations_postgrid_causes_single_cause_img\" src=\"https:\/\/marhama.org\/wp-content\/uploads\/2021\/04\/32860170_2078971492118417_3932142602161225728_o-1024x683.jpg\">\n    <\/div>\n\n      <div class=\"nd_donations_section nd_donations_padding_40 nd_donations_padding_20_iphone nd_donations_box_sizing_border_box\">\n\n        <a class=\"nd_donations_section\" href=\"https:\/\/marhama.org\/?projects=oeffentliche-klinik-in-moknin\">\n          <h3 class=\"nd_donations_font_size_23 nd_donations_word_break_break_word nd_donations_font_size_20_iphone nd_donations_line_height_23 nd_donations_margin_0_important nd_donations_letter_spacing_1\"><strong>\u00d6ffentliche Klinik in Moknin<\/strong><\/h3>\n        <\/a>\n        <div class=\"nd_donations_section nd_donations_height_20\"><\/div>\n        <p class=\"nd_donations_font_size_15 nd_donations_line_height_1_8_em nd_donations_section nd_donations_margin_0_important\">Bau und Ausstattung einer \u00f6ffentliche Klinik f\u00fcr Unfall- und Allgemeinmedizin in Moknine im l\u00e4ndlichem Raum von Monastir. <\/p>\n        <div class=\"nd_donations_section nd_donations_height_30\"><\/div>\n        \n        <div class=\"nd_donations_section nd_donations_height_30\"><\/div>\n        <a style=\"background-color:#f24a29\" class=\"nd_donations_font_size_13 nd_donations_line_height_13 nd_donations_color_white_important nd_donations_padding_10_20 nd_donations_letter_spacing_1\" href=\"https:\/\/marhama.org\/?projects=oeffentliche-klinik-in-moknin\"><strong>DETAILS<\/strong><\/a>\n\n    <\/div>\n\n  <\/div>\n    \n<\/div>\n  <div class=\" nd_donations_width_33_percentage nd_donations_causes_widget_l1 nd_donations_width_100_percentage_responsive nd_donations_float_left nd_donations_masonry_item nd_donations_padding_15 nd_donations_box_sizing_border_box\">\n\n    <div class=\"nd_donations_section nd_donations_background_color_fff nd_donations_box_shadow_0_0_15_0_0001\">\n\n      \n\n\n    <div class=\"nd_donations_section nd_donations_position_relative\">\n\n      <img decoding=\"async\" alt=\"\" class=\"nd_donations_section nd_donations_postgrid_causes_single_cause_img\" src=\"https:\/\/marhama.org\/wp-content\/uploads\/2021\/04\/75588280_3014002051948685_932081265568382976_o-1024x730.jpg\">\n    <\/div>\n\n      <div class=\"nd_donations_section nd_donations_padding_40 nd_donations_padding_20_iphone nd_donations_box_sizing_border_box\">\n\n        <a class=\"nd_donations_section\" href=\"https:\/\/marhama.org\/?projects=oeffentliche-klinik-in-sidi-bouzid\">\n          <h3 class=\"nd_donations_font_size_23 nd_donations_word_break_break_word nd_donations_font_size_20_iphone nd_donations_line_height_23 nd_donations_margin_0_important nd_donations_letter_spacing_1\"><strong>\u00d6ffentliche Klinik in Tozeur<\/strong><\/h3>\n        <\/a>\n        <div class=\"nd_donations_section nd_donations_height_20\"><\/div>\n        <p class=\"nd_donations_font_size_15 nd_donations_line_height_1_8_em nd_donations_section nd_donations_margin_0_important\">Bau und Ausstattung einer \u00f6ffentliche Klinik f\u00fcr Unfall- und Allgemeinmedizin in Dgash im l\u00e4ndlichem Raum von Tozeur. \r\n<\/p>\n        <div class=\"nd_donations_section nd_donations_height_30\"><\/div>\n        \n        <div class=\"nd_donations_section nd_donations_height_30\"><\/div>\n        <a style=\"background-color:#f24a29\" class=\"nd_donations_font_size_13 nd_donations_line_height_13 nd_donations_color_white_important nd_donations_padding_10_20 nd_donations_letter_spacing_1\" href=\"https:\/\/marhama.org\/?projects=oeffentliche-klinik-in-sidi-bouzid\"><strong>DETAILS<\/strong><\/a>\n\n    <\/div>\n\n  <\/div>\n    \n<\/div>\n  <div class=\" nd_donations_width_33_percentage nd_donations_causes_widget_l1 nd_donations_width_100_percentage_responsive nd_donations_float_left nd_donations_masonry_item nd_donations_padding_15 nd_donations_box_sizing_border_box\">\n\n    <div class=\"nd_donations_section nd_donations_background_color_fff nd_donations_box_shadow_0_0_15_0_0001\">\n\n      \n\n\n    <div class=\"nd_donations_section nd_donations_position_relative\">\n\n      <img decoding=\"async\" alt=\"\" class=\"nd_donations_section nd_donations_postgrid_causes_single_cause_img\" src=\"https:\/\/marhama.org\/wp-content\/uploads\/2021\/04\/67363024_2786327871382772_6895886455508303872_n.jpg\">\n    <\/div>\n\n      <div class=\"nd_donations_section nd_donations_padding_40 nd_donations_padding_20_iphone nd_donations_box_sizing_border_box\">\n\n        <a class=\"nd_donations_section\" href=\"https:\/\/marhama.org\/?projects=beispiel-projekt\">\n          <h3 class=\"nd_donations_font_size_23 nd_donations_word_break_break_word nd_donations_font_size_20_iphone nd_donations_line_height_23 nd_donations_margin_0_important nd_donations_letter_spacing_1\"><strong>\u00d6ffentliche Klinik in Sidi Bouzid<\/strong><\/h3>\n        <\/a>\n        <div class=\"nd_donations_section nd_donations_height_20\"><\/div>\n        <p class=\"nd_donations_font_size_15 nd_donations_line_height_1_8_em nd_donations_section nd_donations_margin_0_important\">Bau und Ausstattung einer \u00f6ffentliche Klinik f\u00fcr Unfall- und Allgemeinmedizin in Touila im l\u00e4ndlichem Raum von Sidi Bouzid. \r\n<\/p>\n        <div class=\"nd_donations_section nd_donations_height_30\"><\/div>\n        \n        <div class=\"nd_donations_section nd_donations_height_30\"><\/div>\n        <a style=\"background-color:#f24a29\" class=\"nd_donations_font_size_13 nd_donations_line_height_13 nd_donations_color_white_important nd_donations_padding_10_20 nd_donations_letter_spacing_1\" href=\"https:\/\/marhama.org\/?projects=beispiel-projekt\"><strong>DETAILS<\/strong><\/a>\n\n    <\/div>\n\n  <\/div>\n    \n<\/div>\n    <\/div>\t\t\t\t<\/div>\n\t\t\t\t<\/div>\n\t\t\t\t\t<\/div>\n\t\t<\/div>\n\t\t\t\t\t<\/div>\n\t\t<\/section>\n\t\t\t\t<section class=\"elementor-section elementor-top-section elementor-element elementor-element-30dd0ead elementor-section-content-middle elementor-section-full_width elementor-section-height-default elementor-section-height-default\" data-id=\"30dd0ead\" data-element_type=\"section\" data-settings=\"{&quot;background_background&quot;:&quot;classic&quot;}\">\n\t\t\t\t\t\t\t<div class=\"elementor-background-overlay\"><\/div>\n\t\t\t\t\t\t\t<div class=\"elementor-container elementor-column-gap-default\">\n\t\t\t\t\t<div class=\"elementor-column elementor-col-50 elementor-top-column elementor-element elementor-element-446b01f5\" data-id=\"446b01f5\" data-element_type=\"column\">\n\t\t\t<div class=\"elementor-widget-wrap elementor-element-populated\">\n\t\t\t\t\t\t<section class=\"elementor-section elementor-inner-section elementor-element elementor-element-61a2f701 elementor-section-content-middle elementor-section-full_width elementor-section-height-default elementor-section-height-default\" data-id=\"61a2f701\" data-element_type=\"section\">\n\t\t\t\t\t\t<div class=\"elementor-container elementor-column-gap-default\">\n\t\t\t\t\t<div class=\"elementor-column elementor-col-50 elementor-inner-column elementor-element elementor-element-1be24278\" data-id=\"1be24278\" data-element_type=\"column\">\n\t\t\t<div class=\"elementor-widget-wrap elementor-element-populated\">\n\t\t\t\t\t\t<div class=\"elementor-element elementor-element-6abfe83a elementor-widget elementor-widget-image\" data-id=\"6abfe83a\" data-element_type=\"widget\" data-widget_type=\"image.default\">\n\t\t\t\t<div class=\"elementor-widget-container\">\n\t\t\t\t\t\t\t\t\t\t\t\t\t\t\t<img decoding=\"async\" width=\"200\" height=\"200\" src=\"https:\/\/marhama.org\/wp-content\/uploads\/2020\/05\/icon-white.png\" class=\"attachment-full size-full wp-image-28\" alt=\"\" srcset=\"https:\/\/marhama.org\/wp-content\/uploads\/2020\/05\/icon-white.png 200w, https:\/\/marhama.org\/wp-content\/uploads\/2020\/05\/icon-white-100x100.png 100w, https:\/\/marhama.org\/wp-content\/uploads\/2020\/05\/icon-white-150x150.png 150w\" sizes=\"(max-width: 200px) 100vw, 200px\" \/>\t\t\t\t\t\t\t\t\t\t\t\t\t\t\t<\/div>\n\t\t\t\t<\/div>\n\t\t\t\t\t<\/div>\n\t\t<\/div>\n\t\t\t\t<div class=\"elementor-column elementor-col-50 elementor-inner-column elementor-element elementor-element-1e4afb4\" data-id=\"1e4afb4\" data-element_type=\"column\">\n\t\t\t<div class=\"elementor-widget-wrap elementor-element-populated\">\n\t\t\t\t\t\t<div class=\"elementor-element elementor-element-25fd9bdb elementor-widget elementor-widget-heading\" data-id=\"25fd9bdb\" data-element_type=\"widget\" data-widget_type=\"heading.default\">\n\t\t\t\t<div class=\"elementor-widget-container\">\n\t\t\t\t\t<h3 class=\"elementor-heading-title elementor-size-default\">F\u00fcr 1000 bis 3000 \u20ac<\/h3>\t\t\t\t<\/div>\n\t\t\t\t<\/div>\n\t\t\t\t<div class=\"elementor-element elementor-element-6df8f5d6 elementor-widget elementor-widget-heading\" data-id=\"6df8f5d6\" data-element_type=\"widget\" data-widget_type=\"heading.default\">\n\t\t\t\t<div class=\"elementor-widget-container\">\n\t\t\t\t\t<p class=\"elementor-heading-title elementor-size-medium\">schenken Sie einer bed\u00fcrftigen Familie einen sicheren Arbeitsplatz und ein w\u00fcrdevolles Einkommen. <\/p>\t\t\t\t<\/div>\n\t\t\t\t<\/div>\n\t\t\t\t\t<\/div>\n\t\t<\/div>\n\t\t\t\t\t<\/div>\n\t\t<\/section>\n\t\t\t\t\t<\/div>\n\t\t<\/div>\n\t\t\t\t<div class=\"elementor-column elementor-col-50 elementor-top-column elementor-element elementor-element-2a7600cf\" data-id=\"2a7600cf\" data-element_type=\"column\">\n\t\t\t<div class=\"elementor-widget-wrap elementor-element-populated\">\n\t\t\t\t\t\t<div class=\"elementor-element elementor-element-558aa197 elementor-align-right elementor-tablet-align-center elementor-mobile-align-center elementor-widget elementor-widget-button\" data-id=\"558aa197\" data-element_type=\"widget\" data-widget_type=\"button.default\">\n\t\t\t\t<div class=\"elementor-widget-container\">\n\t\t\t\t\t\t\t\t\t<div class=\"elementor-button-wrapper\">\n\t\t\t\t\t<a class=\"elementor-button elementor-button-link elementor-size-sm\" href=\"\/spenden\">\n\t\t\t\t\t\t<span class=\"elementor-button-content-wrapper\">\n\t\t\t\t\t\t\t\t\t<span class=\"elementor-button-text\">JETZT SPENDEN<\/span>\n\t\t\t\t\t<\/span>\n\t\t\t\t\t<\/a>\n\t\t\t\t<\/div>\n\t\t\t\t\t\t\t\t<\/div>\n\t\t\t\t<\/div>\n\t\t\t\t\t<\/div>\n\t\t<\/div>\n\t\t\t\t\t<\/div>\n\t\t<\/section>\n\t\t\t\t<\/div>\n\t\t","protected":false},"excerpt":{"rendered":"<p>Unsere Projekte Marhama verf\u00fcgt \u00fcber ein sehr gut organisiertes Netzwerk aus ehrenamtlichen Helfern, und \u00fcber eine sichere Informationsgrundlage zur aktuellen Armutssituation. Mit Ihrer Hilfe Bauen wir Schulen und Krankenstationen. Mit Ihrer Spende investieren wir in die Infrastruktur verarmter Regionen in Tunesien. \u00d6ffentliche Klinik in Jendouba Bau und Ausstattung einer \u00f6ffentlichen Klinik f\u00fcr Allgemein und Zahnmedizin [&hellip;]<\/p>\n","protected":false},"author":1,"featured_media":0,"parent":0,"menu_order":0,"comment_status":"closed","ping_status":"closed","template":"","meta":{"give_campaign_id":0,"footnotes":""},"class_list":["post-3606","page","type-page","status-publish","hentry"],"campaignId":"","_links":{"self":[{"href":"https:\/\/marhama.org\/index.php?rest_route=\/wp\/v2\/pages\/3606","targetHints":{"allow":["GET"]}}],"collection":[{"href":"https:\/\/marhama.org\/index.php?rest_route=\/wp\/v2\/pages"}],"about":[{"href":"https:\/\/marhama.org\/index.php?rest_route=\/wp\/v2\/types\/page"}],"author":[{"embeddable":true,"href":"https:\/\/marhama.org\/index.php?rest_route=\/wp\/v2\/users\/1"}],"replies":[{"embeddable":true,"href":"https:\/\/marhama.org\/index.php?rest_route=%2Fwp%2Fv2%2Fcomments&post=3606"}],"version-history":[{"count":37,"href":"https:\/\/marhama.org\/index.php?rest_route=\/wp\/v2\/pages\/3606\/revisions"}],"predecessor-version":[{"id":6471,"href":"https:\/\/marhama.org\/index.php?rest_route=\/wp\/v2\/pages\/3606\/revisions\/6471"}],"wp:attachment":[{"href":"https:\/\/marhama.org\/index.php?rest_route=%2Fwp%2Fv2%2Fmedia&parent=3606"}],"curies":[{"name":"wp","href":"https:\/\/api.w.org\/{rel}","templated":true}]}}