{"id":3636,"date":"2021-03-23T17:25:49","date_gmt":"2021-03-23T16:25:49","guid":{"rendered":"https:\/\/marhama.org\/?page_id=3636"},"modified":"2023-03-12T16:29:24","modified_gmt":"2023-03-12T15:29:24","slug":"kampagnen","status":"publish","type":"page","link":"https:\/\/marhama.org\/?page_id=3636","title":{"rendered":"Kampagnen"},"content":{"rendered":"\t\t<div data-elementor-type=\"wp-page\" data-elementor-id=\"3636\" class=\"elementor elementor-3636\" data-elementor-post-type=\"page\">\n\t\t\t\t\t\t<section class=\"elementor-section elementor-top-section elementor-element elementor-element-5bcbe8cf elementor-section-stretched elementor-section-boxed elementor-section-height-default elementor-section-height-default\" data-id=\"5bcbe8cf\" data-element_type=\"section\" data-settings=\"{&quot;stretch_section&quot;:&quot;section-stretched&quot;,&quot;background_background&quot;:&quot;classic&quot;}\">\n\t\t\t\t\t\t\t<div class=\"elementor-background-overlay\"><\/div>\n\t\t\t\t\t\t\t<div class=\"elementor-container elementor-column-gap-default\">\n\t\t\t\t\t<div class=\"elementor-column elementor-col-33 elementor-top-column elementor-element elementor-element-f551bb8\" data-id=\"f551bb8\" data-element_type=\"column\">\n\t\t\t<div class=\"elementor-widget-wrap\">\n\t\t\t\t\t\t\t<\/div>\n\t\t<\/div>\n\t\t\t\t<div class=\"elementor-column elementor-col-33 elementor-top-column elementor-element elementor-element-1e350281 nd_options_text_align_center\" data-id=\"1e350281\" data-element_type=\"column\">\n\t\t\t<div class=\"elementor-widget-wrap elementor-element-populated\">\n\t\t\t\t\t\t<div class=\"elementor-element elementor-element-60ef6090 elementor-widget elementor-widget-heading\" data-id=\"60ef6090\" data-element_type=\"widget\" data-widget_type=\"heading.default\">\n\t\t\t\t<div class=\"elementor-widget-container\">\n\t\t\t\t\t<h1 class=\"elementor-heading-title elementor-size-default\">Unsere Kampagnen<\/h1>\t\t\t\t<\/div>\n\t\t\t\t<\/div>\n\t\t\t\t<div class=\"elementor-element elementor-element-3bc68703 elementor-widget elementor-widget-text-editor\" data-id=\"3bc68703\" data-element_type=\"widget\" data-widget_type=\"text-editor.default\">\n\t\t\t\t<div class=\"elementor-widget-container\">\n\t\t\t\t\t\t\t\t\t<span style=\"color: #ffffff;\">Die langj\u00e4hrige Erfahrung von Marhama bei der effizienten Planung und Umsetzung von saisonalen Kampagnen garantiert den Erfolg der j\u00e4hrlichen Kampagne.\n<br>Mit Ihrer Spende helfen wir Gemeinden und Familien in Not. Mit ihrer Hilfe schenken wir W\u00e4rme und Freude.\n<\/span>\t\t\t\t\t\t\t\t<\/div>\n\t\t\t\t<\/div>\n\t\t\t\t<div class=\"elementor-element elementor-element-05332e9 elementor-icon-list--layout-inline elementor-align-center elementor-list-item-link-full_width elementor-widget elementor-widget-icon-list\" data-id=\"05332e9\" data-element_type=\"widget\" data-widget_type=\"icon-list.default\">\n\t\t\t\t<div class=\"elementor-widget-container\">\n\t\t\t\t\t\t\t<ul class=\"elementor-icon-list-items elementor-inline-items\">\n\t\t\t\t\t\t\t<li class=\"elementor-icon-list-item elementor-inline-item\">\n\t\t\t\t\t\t\t\t\t\t\t<span class=\"elementor-icon-list-icon\">\n\t\t\t\t\t\t\t<i aria-hidden=\"true\" class=\"fab fa-cc-visa\"><\/i>\t\t\t\t\t\t<\/span>\n\t\t\t\t\t\t\t\t\t\t<span class=\"elementor-icon-list-text\"><\/span>\n\t\t\t\t\t\t\t\t\t<\/li>\n\t\t\t\t\t\t\t\t<li class=\"elementor-icon-list-item elementor-inline-item\">\n\t\t\t\t\t\t\t\t\t\t\t<span class=\"elementor-icon-list-icon\">\n\t\t\t\t\t\t\t<i aria-hidden=\"true\" class=\"fab fa-cc-mastercard\"><\/i>\t\t\t\t\t\t<\/span>\n\t\t\t\t\t\t\t\t\t\t<span class=\"elementor-icon-list-text\"><\/span>\n\t\t\t\t\t\t\t\t\t<\/li>\n\t\t\t\t\t\t\t\t<li class=\"elementor-icon-list-item elementor-inline-item\">\n\t\t\t\t\t\t\t\t\t\t\t<span class=\"elementor-icon-list-icon\">\n\t\t\t\t\t\t\t<i aria-hidden=\"true\" class=\"fab fa-cc-paypal\"><\/i>\t\t\t\t\t\t<\/span>\n\t\t\t\t\t\t\t\t\t\t<span class=\"elementor-icon-list-text\"><\/span>\n\t\t\t\t\t\t\t\t\t<\/li>\n\t\t\t\t\t\t\t\t<li class=\"elementor-icon-list-item elementor-inline-item\">\n\t\t\t\t\t\t\t\t\t\t\t<span class=\"elementor-icon-list-icon\">\n\t\t\t\t\t\t\t<i aria-hidden=\"true\" class=\"fab fa-cc-stripe\"><\/i>\t\t\t\t\t\t<\/span>\n\t\t\t\t\t\t\t\t\t\t<span class=\"elementor-icon-list-text\"><\/span>\n\t\t\t\t\t\t\t\t\t<\/li>\n\t\t\t\t\t\t<\/ul>\n\t\t\t\t\t\t<\/div>\n\t\t\t\t<\/div>\n\t\t\t\t<div class=\"elementor-element elementor-element-2bed08a7 elementor-widget elementor-widget-shortcode\" data-id=\"2bed08a7\" data-element_type=\"widget\" id=\"button_cause\" data-widget_type=\"shortcode.default\">\n\t\t\t\t<div class=\"elementor-widget-container\">\n\t\t\t\t\t\t\t<div class=\"elementor-shortcode\"><div class=\"give_notices give_errors\" id=\"give_error_warning\">\n\t\t\t\t\t\t<p class=\"give_notice give_warning\" data-dismissible=\"\" data-dismiss-interval=\"5000\" data-dismiss-type=\"\">\n\t\t\t\t\t\t\tThe form is not published.\n\t\t\t\t\t\t<\/p>\n\t\t\t\t\t\t\n\t\t\t\t\t<\/div><\/div>\n\t\t\t\t\t\t<\/div>\n\t\t\t\t<\/div>\n\t\t\t\t\t<\/div>\n\t\t<\/div>\n\t\t\t\t<div class=\"elementor-column elementor-col-33 elementor-top-column elementor-element elementor-element-2b6a949d\" data-id=\"2b6a949d\" data-element_type=\"column\">\n\t\t\t<div class=\"elementor-widget-wrap\">\n\t\t\t\t\t\t\t<\/div>\n\t\t<\/div>\n\t\t\t\t\t<\/div>\n\t\t<\/section>\n\t\t\t\t<section class=\"elementor-section elementor-top-section elementor-element elementor-element-ab7988a elementor-section-stretched elementor-section-boxed elementor-section-height-default elementor-section-height-default\" data-id=\"ab7988a\" data-element_type=\"section\" data-settings=\"{&quot;stretch_section&quot;:&quot;section-stretched&quot;,&quot;background_background&quot;:&quot;classic&quot;}\">\n\t\t\t\t\t\t<div class=\"elementor-container elementor-column-gap-default\">\n\t\t\t\t\t<div class=\"elementor-column elementor-col-100 elementor-top-column elementor-element elementor-element-f54423f\" data-id=\"f54423f\" data-element_type=\"column\">\n\t\t\t<div class=\"elementor-widget-wrap elementor-element-populated\">\n\t\t\t\t\t\t<div class=\"elementor-element elementor-element-3c1b22c elementor-invisible elementor-widget elementor-widget-causes\" data-id=\"3c1b22c\" data-element_type=\"widget\" data-settings=\"{&quot;_animation&quot;:&quot;fadeInUp&quot;}\" data-widget_type=\"causes.default\">\n\t\t\t\t<div class=\"elementor-widget-container\">\n\t\t\t\t\t\n    <div class=\"nd_donations_section nd_donations_masonry_content\">\n  <div class=\" nd_donations_width_33_percentage nd_donations_causes_widget_l1 nd_donations_width_100_percentage_responsive nd_donations_float_left nd_donations_masonry_item nd_donations_padding_15 nd_donations_box_sizing_border_box\">\n\n    <div class=\"nd_donations_section nd_donations_background_color_fff nd_donations_box_shadow_0_0_15_0_0001\">\n\n      \n\n\n    <div class=\"nd_donations_section nd_donations_position_relative\">\n\n      <img decoding=\"async\" alt=\"\" class=\"nd_donations_section nd_donations_postgrid_causes_single_cause_img\" src=\"https:\/\/marhama.org\/wp-content\/uploads\/2021\/06\/202253960_4653298084685732_1246281277176822001_n-1.jpg\">\n    <\/div>\n\n      <div class=\"nd_donations_section nd_donations_padding_40 nd_donations_padding_20_iphone nd_donations_box_sizing_border_box\">\n\n        <a class=\"nd_donations_section\" href=\"https:\/\/marhama.org\/?campaigns=opferfest-kampagne-2022\">\n          <h3 class=\"nd_donations_font_size_23 nd_donations_word_break_break_word nd_donations_font_size_20_iphone nd_donations_line_height_23 nd_donations_margin_0_important nd_donations_letter_spacing_1\"><strong>Opferfest-Kampagne 2022<\/strong><\/h3>\n        <\/a>\n        <div class=\"nd_donations_section nd_donations_height_20\"><\/div>\n        <p class=\"nd_donations_font_size_15 nd_donations_line_height_1_8_em nd_donations_section nd_donations_margin_0_important\">Mit der allj\u00e4hrlichen Opferfest-Kampagne schenken wir bed\u00fcrftigen Menschen Familienzeit und Freude. \r\n<\/p>\n        <div class=\"nd_donations_section nd_donations_height_30\"><\/div>\n        \n        <div class=\"nd_donations_section nd_donations_height_30\"><\/div>\n        <a style=\"background-color:#2272b6\" class=\"nd_donations_font_size_13 nd_donations_line_height_13 nd_donations_color_white_important nd_donations_padding_10_20 nd_donations_letter_spacing_1\" href=\"https:\/\/marhama.org\/?campaigns=opferfest-kampagne-2022\"><strong>DETAILS<\/strong><\/a>\n\n    <\/div>\n\n  <\/div>\n    \n<\/div>\n  <div class=\" nd_donations_width_33_percentage nd_donations_causes_widget_l1 nd_donations_width_100_percentage_responsive nd_donations_float_left nd_donations_masonry_item nd_donations_padding_15 nd_donations_box_sizing_border_box\">\n\n    <div class=\"nd_donations_section nd_donations_background_color_fff nd_donations_box_shadow_0_0_15_0_0001\">\n\n      \n\n\n    <div class=\"nd_donations_section nd_donations_position_relative\">\n\n      <img decoding=\"async\" alt=\"\" class=\"nd_donations_section nd_donations_postgrid_causes_single_cause_img\" src=\"https:\/\/marhama.org\/wp-content\/uploads\/2021\/04\/53472742_2543341439014751_1809076392994799616_n.jpg\">\n    <\/div>\n\n      <div class=\"nd_donations_section nd_donations_padding_40 nd_donations_padding_20_iphone nd_donations_box_sizing_border_box\">\n\n        <a class=\"nd_donations_section\" href=\"https:\/\/marhama.org\/?campaigns=selbsthilfe-projekte\">\n          <h3 class=\"nd_donations_font_size_23 nd_donations_word_break_break_word nd_donations_font_size_20_iphone nd_donations_line_height_23 nd_donations_margin_0_important nd_donations_letter_spacing_1\"><strong>Selbsthilfe-Projekte<\/strong><\/h3>\n        <\/a>\n        <div class=\"nd_donations_section nd_donations_height_20\"><\/div>\n        <p class=\"nd_donations_font_size_15 nd_donations_line_height_1_8_em nd_donations_section nd_donations_margin_0_important\">Mit gezielten Investitionen verhelfen wir talentierte Frauen und M\u00e4nner zur erfolgreichen Selbstst\u00e4ndigkeit. \r\n<\/p>\n        <div class=\"nd_donations_section nd_donations_height_30\"><\/div>\n        \n        <div class=\"nd_donations_section nd_donations_height_30\"><\/div>\n        <a style=\"background-color:#2272b6\" class=\"nd_donations_font_size_13 nd_donations_line_height_13 nd_donations_color_white_important nd_donations_padding_10_20 nd_donations_letter_spacing_1\" href=\"https:\/\/marhama.org\/?campaigns=selbsthilfe-projekte\"><strong>DETAILS<\/strong><\/a>\n\n    <\/div>\n\n  <\/div>\n    \n<\/div>\n  <div class=\" nd_donations_width_33_percentage nd_donations_causes_widget_l1 nd_donations_width_100_percentage_responsive nd_donations_float_left nd_donations_masonry_item nd_donations_padding_15 nd_donations_box_sizing_border_box\">\n\n    <div class=\"nd_donations_section nd_donations_background_color_fff nd_donations_box_shadow_0_0_15_0_0001\">\n\n      \n\n\n    <div class=\"nd_donations_section nd_donations_position_relative\">\n\n      <img decoding=\"async\" alt=\"\" class=\"nd_donations_section nd_donations_postgrid_causes_single_cause_img\" src=\"https:\/\/marhama.org\/wp-content\/uploads\/2021\/03\/95607297_3434601279888758_736322162364776448_n.jpg\">\n    <\/div>\n\n      <div class=\"nd_donations_section nd_donations_padding_40 nd_donations_padding_20_iphone nd_donations_box_sizing_border_box\">\n\n        <a class=\"nd_donations_section\" href=\"https:\/\/marhama.org\/?campaigns=corona-hilfsaktion\">\n          <h3 class=\"nd_donations_font_size_23 nd_donations_word_break_break_word nd_donations_font_size_20_iphone nd_donations_line_height_23 nd_donations_margin_0_important nd_donations_letter_spacing_1\"><strong>CORONA-Hilfsaktion<\/strong><\/h3>\n        <\/a>\n        <div class=\"nd_donations_section nd_donations_height_20\"><\/div>\n        <p class=\"nd_donations_font_size_15 nd_donations_line_height_1_8_em nd_donations_section nd_donations_margin_0_important\">Gemeinsam mit den kommunalen Beh\u00f6rden in den Armutsregionen Tunesiens versuchen wir Leben zu retten.  \r\n<\/p>\n        <div class=\"nd_donations_section nd_donations_height_30\"><\/div>\n        \n        <div class=\"nd_donations_section nd_donations_height_30\"><\/div>\n        <a style=\"background-color:#2272b6\" class=\"nd_donations_font_size_13 nd_donations_line_height_13 nd_donations_color_white_important nd_donations_padding_10_20 nd_donations_letter_spacing_1\" href=\"https:\/\/marhama.org\/?campaigns=corona-hilfsaktion\"><strong>DETAILS<\/strong><\/a>\n\n    <\/div>\n\n  <\/div>\n    \n<\/div>\n  <div class=\" nd_donations_width_33_percentage nd_donations_causes_widget_l1 nd_donations_width_100_percentage_responsive nd_donations_float_left nd_donations_masonry_item nd_donations_padding_15 nd_donations_box_sizing_border_box\">\n\n    <div class=\"nd_donations_section nd_donations_background_color_fff nd_donations_box_shadow_0_0_15_0_0001\">\n\n      \n\n\n    <div class=\"nd_donations_section nd_donations_position_relative\">\n\n      <img decoding=\"async\" alt=\"\" class=\"nd_donations_section nd_donations_postgrid_causes_single_cause_img\" src=\"https:\/\/marhama.org\/wp-content\/uploads\/2021\/03\/116157196_3666383910043826_4358208078794104060_n.png\">\n    <\/div>\n\n      <div class=\"nd_donations_section nd_donations_padding_40 nd_donations_padding_20_iphone nd_donations_box_sizing_border_box\">\n\n        <a class=\"nd_donations_section\" href=\"https:\/\/marhama.org\/?campaigns=opferfest-kampagne\">\n          <h3 class=\"nd_donations_font_size_23 nd_donations_word_break_break_word nd_donations_font_size_20_iphone nd_donations_line_height_23 nd_donations_margin_0_important nd_donations_letter_spacing_1\"><strong>Opferfest-Kampagne<\/strong><\/h3>\n        <\/a>\n        <div class=\"nd_donations_section nd_donations_height_20\"><\/div>\n        <p class=\"nd_donations_font_size_15 nd_donations_line_height_1_8_em nd_donations_section nd_donations_margin_0_important\">Mit der allj\u00e4hrlichen Opferfest-Kampagne schenken wir bed\u00fcrftigen Menschen Familienzeit und Freude. \r\n<\/p>\n        <div class=\"nd_donations_section nd_donations_height_30\"><\/div>\n        \n        <div class=\"nd_donations_section nd_donations_height_30\"><\/div>\n        <a style=\"background-color:#2272b6\" class=\"nd_donations_font_size_13 nd_donations_line_height_13 nd_donations_color_white_important nd_donations_padding_10_20 nd_donations_letter_spacing_1\" href=\"https:\/\/marhama.org\/?campaigns=opferfest-kampagne\"><strong>DETAILS<\/strong><\/a>\n\n    <\/div>\n\n  <\/div>\n    \n<\/div>\n  <div class=\" nd_donations_width_33_percentage nd_donations_causes_widget_l1 nd_donations_width_100_percentage_responsive nd_donations_float_left nd_donations_masonry_item nd_donations_padding_15 nd_donations_box_sizing_border_box\">\n\n    <div class=\"nd_donations_section nd_donations_background_color_fff nd_donations_box_shadow_0_0_15_0_0001\">\n\n      \n\n\n    <div class=\"nd_donations_section nd_donations_position_relative\">\n\n      <img decoding=\"async\" alt=\"\" class=\"nd_donations_section nd_donations_postgrid_causes_single_cause_img\" src=\"https:\/\/marhama.org\/wp-content\/uploads\/2021\/03\/IMG_0922-1024x683.jpg\">\n    <\/div>\n\n      <div class=\"nd_donations_section nd_donations_padding_40 nd_donations_padding_20_iphone nd_donations_box_sizing_border_box\">\n\n        <a class=\"nd_donations_section\" href=\"https:\/\/marhama.org\/?campaigns=schultaschen-kampagne\">\n          <h3 class=\"nd_donations_font_size_23 nd_donations_word_break_break_word nd_donations_font_size_20_iphone nd_donations_line_height_23 nd_donations_margin_0_important nd_donations_letter_spacing_1\"><strong>K\u00e4lte Aktion<\/strong><\/h3>\n        <\/a>\n        <div class=\"nd_donations_section nd_donations_height_20\"><\/div>\n        <p class=\"nd_donations_font_size_15 nd_donations_line_height_1_8_em nd_donations_section nd_donations_margin_0_important\">Wir m\u00f6chten das Leiden ganzer Dorfgemeinden in der kalten Jahreszeit mindern. \r\n<\/p>\n        <div class=\"nd_donations_section nd_donations_height_30\"><\/div>\n        \n        <div class=\"nd_donations_section nd_donations_height_30\"><\/div>\n        <a style=\"background-color:#2272b6\" class=\"nd_donations_font_size_13 nd_donations_line_height_13 nd_donations_color_white_important nd_donations_padding_10_20 nd_donations_letter_spacing_1\" href=\"https:\/\/marhama.org\/?campaigns=schultaschen-kampagne\"><strong>DETAILS<\/strong><\/a>\n\n    <\/div>\n\n  <\/div>\n    \n<\/div>\n  <div class=\" nd_donations_width_33_percentage nd_donations_causes_widget_l1 nd_donations_width_100_percentage_responsive nd_donations_float_left nd_donations_masonry_item nd_donations_padding_15 nd_donations_box_sizing_border_box\">\n\n    <div class=\"nd_donations_section nd_donations_background_color_fff nd_donations_box_shadow_0_0_15_0_0001\">\n\n      \n\n\n    <div class=\"nd_donations_section nd_donations_position_relative\">\n\n      <img decoding=\"async\" alt=\"\" class=\"nd_donations_section nd_donations_postgrid_causes_single_cause_img\" src=\"https:\/\/marhama.org\/wp-content\/uploads\/2021\/03\/19023310_1686006931414877_2819117647549119156_o-1024x683.jpg\">\n    <\/div>\n\n      <div class=\"nd_donations_section nd_donations_padding_40 nd_donations_padding_20_iphone nd_donations_box_sizing_border_box\">\n\n        <a class=\"nd_donations_section\" href=\"https:\/\/marhama.org\/?campaigns=ramadan-kampagne\">\n          <h3 class=\"nd_donations_font_size_23 nd_donations_word_break_break_word nd_donations_font_size_20_iphone nd_donations_line_height_23 nd_donations_margin_0_important nd_donations_letter_spacing_1\"><strong>Ramadan Kampagne<\/strong><\/h3>\n        <\/a>\n        <div class=\"nd_donations_section nd_donations_height_20\"><\/div>\n        <p class=\"nd_donations_font_size_15 nd_donations_line_height_1_8_em nd_donations_section nd_donations_margin_0_important\">Um die Solidarit\u00e4t im heiligen Monat Ramadan zu st\u00e4rken, helfen wir bed\u00fcrftigen Familien sich vollwertig zu ern\u00e4hren.<\/p>\n        <div class=\"nd_donations_section nd_donations_height_30\"><\/div>\n        \n        <div class=\"nd_donations_section nd_donations_height_30\"><\/div>\n        <a style=\"background-color:#2272b6\" class=\"nd_donations_font_size_13 nd_donations_line_height_13 nd_donations_color_white_important nd_donations_padding_10_20 nd_donations_letter_spacing_1\" href=\"https:\/\/marhama.org\/?campaigns=ramadan-kampagne\"><strong>DETAILS<\/strong><\/a>\n\n    <\/div>\n\n  <\/div>\n    \n<\/div>\n  <div class=\" nd_donations_width_33_percentage nd_donations_causes_widget_l1 nd_donations_width_100_percentage_responsive nd_donations_float_left nd_donations_masonry_item nd_donations_padding_15 nd_donations_box_sizing_border_box\">\n\n    <div class=\"nd_donations_section nd_donations_background_color_fff nd_donations_box_shadow_0_0_15_0_0001\">\n\n      \n\n\n    <div class=\"nd_donations_section nd_donations_position_relative\">\n\n      <img decoding=\"async\" alt=\"\" class=\"nd_donations_section nd_donations_postgrid_causes_single_cause_img\" src=\"https:\/\/marhama.org\/wp-content\/uploads\/2021\/03\/42656992_2292214807460750_5242743140867112960_o-1024x683.jpg\">\n    <\/div>\n\n      <div class=\"nd_donations_section nd_donations_padding_40 nd_donations_padding_20_iphone nd_donations_box_sizing_border_box\">\n\n        <a class=\"nd_donations_section\" href=\"https:\/\/marhama.org\/?campaigns=ramadan-kampagne-2021\">\n          <h3 class=\"nd_donations_font_size_23 nd_donations_word_break_break_word nd_donations_font_size_20_iphone nd_donations_line_height_23 nd_donations_margin_0_important nd_donations_letter_spacing_1\"><strong>Schultaschen Kampagne<\/strong><\/h3>\n        <\/a>\n        <div class=\"nd_donations_section nd_donations_height_20\"><\/div>\n        <p class=\"nd_donations_font_size_15 nd_donations_line_height_1_8_em nd_donations_section nd_donations_margin_0_important\">Zur allj\u00e4hrliche Wiedereinschulung organisieren wir unsere landesweite Schultaschen-Kampagne in Tunesien.\r\n<\/p>\n        <div class=\"nd_donations_section nd_donations_height_30\"><\/div>\n        \n        <div class=\"nd_donations_section nd_donations_height_30\"><\/div>\n        <a style=\"background-color:#2272b6\" class=\"nd_donations_font_size_13 nd_donations_line_height_13 nd_donations_color_white_important nd_donations_padding_10_20 nd_donations_letter_spacing_1\" href=\"https:\/\/marhama.org\/?campaigns=ramadan-kampagne-2021\"><strong>DETAILS<\/strong><\/a>\n\n    <\/div>\n\n  <\/div>\n    \n<\/div>\n    <\/div>\t\t\t\t<\/div>\n\t\t\t\t<\/div>\n\t\t\t\t\t<\/div>\n\t\t<\/div>\n\t\t\t\t\t<\/div>\n\t\t<\/section>\n\t\t\t\t<section class=\"elementor-section elementor-top-section elementor-element elementor-element-30dd0ead elementor-section-content-middle elementor-section-full_width elementor-section-height-default elementor-section-height-default\" data-id=\"30dd0ead\" data-element_type=\"section\" data-settings=\"{&quot;background_background&quot;:&quot;classic&quot;}\">\n\t\t\t\t\t\t\t<div class=\"elementor-background-overlay\"><\/div>\n\t\t\t\t\t\t\t<div class=\"elementor-container elementor-column-gap-default\">\n\t\t\t\t\t<div class=\"elementor-column elementor-col-50 elementor-top-column elementor-element elementor-element-446b01f5\" data-id=\"446b01f5\" data-element_type=\"column\">\n\t\t\t<div class=\"elementor-widget-wrap elementor-element-populated\">\n\t\t\t\t\t\t<section class=\"elementor-section elementor-inner-section elementor-element elementor-element-61a2f701 elementor-section-content-middle elementor-section-full_width elementor-section-height-default elementor-section-height-default\" data-id=\"61a2f701\" data-element_type=\"section\">\n\t\t\t\t\t\t<div class=\"elementor-container elementor-column-gap-default\">\n\t\t\t\t\t<div class=\"elementor-column elementor-col-50 elementor-inner-column elementor-element elementor-element-1be24278\" data-id=\"1be24278\" data-element_type=\"column\">\n\t\t\t<div class=\"elementor-widget-wrap elementor-element-populated\">\n\t\t\t\t\t\t<div class=\"elementor-element elementor-element-6abfe83a elementor-widget elementor-widget-image\" data-id=\"6abfe83a\" data-element_type=\"widget\" data-widget_type=\"image.default\">\n\t\t\t\t<div class=\"elementor-widget-container\">\n\t\t\t\t\t\t\t\t\t\t\t\t\t\t\t<img decoding=\"async\" width=\"200\" height=\"200\" src=\"https:\/\/marhama.org\/wp-content\/uploads\/2020\/05\/icon-white.png\" class=\"attachment-full size-full wp-image-28\" alt=\"\" srcset=\"https:\/\/marhama.org\/wp-content\/uploads\/2020\/05\/icon-white.png 200w, https:\/\/marhama.org\/wp-content\/uploads\/2020\/05\/icon-white-100x100.png 100w, https:\/\/marhama.org\/wp-content\/uploads\/2020\/05\/icon-white-150x150.png 150w\" sizes=\"(max-width: 200px) 100vw, 200px\" \/>\t\t\t\t\t\t\t\t\t\t\t\t\t\t\t<\/div>\n\t\t\t\t<\/div>\n\t\t\t\t\t<\/div>\n\t\t<\/div>\n\t\t\t\t<div class=\"elementor-column elementor-col-50 elementor-inner-column elementor-element elementor-element-1e4afb4\" data-id=\"1e4afb4\" data-element_type=\"column\">\n\t\t\t<div class=\"elementor-widget-wrap elementor-element-populated\">\n\t\t\t\t\t\t<div class=\"elementor-element elementor-element-25fd9bdb elementor-widget elementor-widget-heading\" data-id=\"25fd9bdb\" data-element_type=\"widget\" data-widget_type=\"heading.default\">\n\t\t\t\t<div class=\"elementor-widget-container\">\n\t\t\t\t\t<h3 class=\"elementor-heading-title elementor-size-default\">F\u00fcr 30\u20ac<\/h3>\t\t\t\t<\/div>\n\t\t\t\t<\/div>\n\t\t\t\t<div class=\"elementor-element elementor-element-6df8f5d6 elementor-widget elementor-widget-heading\" data-id=\"6df8f5d6\" data-element_type=\"widget\" data-widget_type=\"heading.default\">\n\t\t\t\t<div class=\"elementor-widget-container\">\n\t\t\t\t\t<p class=\"elementor-heading-title elementor-size-medium\">schenken Sie einer bed\u00fcrftigen Familie ein vollwertiges Nahrungsmittelpaket zu Ramadan <\/p>\t\t\t\t<\/div>\n\t\t\t\t<\/div>\n\t\t\t\t\t<\/div>\n\t\t<\/div>\n\t\t\t\t\t<\/div>\n\t\t<\/section>\n\t\t\t\t\t<\/div>\n\t\t<\/div>\n\t\t\t\t<div class=\"elementor-column elementor-col-50 elementor-top-column elementor-element elementor-element-2a7600cf\" data-id=\"2a7600cf\" data-element_type=\"column\">\n\t\t\t<div class=\"elementor-widget-wrap elementor-element-populated\">\n\t\t\t\t\t\t<div class=\"elementor-element elementor-element-558aa197 elementor-align-right elementor-tablet-align-center elementor-mobile-align-center elementor-widget elementor-widget-button\" data-id=\"558aa197\" data-element_type=\"widget\" data-widget_type=\"button.default\">\n\t\t\t\t<div class=\"elementor-widget-container\">\n\t\t\t\t\t\t\t\t\t<div class=\"elementor-button-wrapper\">\n\t\t\t\t\t<a class=\"elementor-button elementor-button-link elementor-size-sm\" href=\"\/spenden\">\n\t\t\t\t\t\t<span class=\"elementor-button-content-wrapper\">\n\t\t\t\t\t\t\t\t\t<span class=\"elementor-button-text\">JETZT SPENDEN<\/span>\n\t\t\t\t\t<\/span>\n\t\t\t\t\t<\/a>\n\t\t\t\t<\/div>\n\t\t\t\t\t\t\t\t<\/div>\n\t\t\t\t<\/div>\n\t\t\t\t\t<\/div>\n\t\t<\/div>\n\t\t\t\t\t<\/div>\n\t\t<\/section>\n\t\t\t\t<\/div>\n\t\t","protected":false},"excerpt":{"rendered":"<p>Unsere Kampagnen Die langj\u00e4hrige Erfahrung von Marhama bei der effizienten Planung und Umsetzung von saisonalen Kampagnen garantiert den Erfolg der j\u00e4hrlichen Kampagne. Mit Ihrer Spende helfen wir Gemeinden und Familien in Not. Mit ihrer Hilfe schenken wir W\u00e4rme und Freude. Opferfest Kampagne 2022 Ramadan Kampagne 2020 Ramadan Kampagne 2020 Pr\u00e4sentation Ziele Resultate Pr\u00e4sentation Die allj\u00e4hrliche [&hellip;]<\/p>\n","protected":false},"author":1,"featured_media":0,"parent":0,"menu_order":0,"comment_status":"closed","ping_status":"closed","template":"","meta":{"give_campaign_id":0,"footnotes":""},"class_list":["post-3636","page","type-page","status-publish","hentry"],"campaignId":"","_links":{"self":[{"href":"https:\/\/marhama.org\/index.php?rest_route=\/wp\/v2\/pages\/3636","targetHints":{"allow":["GET"]}}],"collection":[{"href":"https:\/\/marhama.org\/index.php?rest_route=\/wp\/v2\/pages"}],"about":[{"href":"https:\/\/marhama.org\/index.php?rest_route=\/wp\/v2\/types\/page"}],"author":[{"embeddable":true,"href":"https:\/\/marhama.org\/index.php?rest_route=\/wp\/v2\/users\/1"}],"replies":[{"embeddable":true,"href":"https:\/\/marhama.org\/index.php?rest_route=%2Fwp%2Fv2%2Fcomments&post=3636"}],"version-history":[{"count":34,"href":"https:\/\/marhama.org\/index.php?rest_route=\/wp\/v2\/pages\/3636\/revisions"}],"predecessor-version":[{"id":6474,"href":"https:\/\/marhama.org\/index.php?rest_route=\/wp\/v2\/pages\/3636\/revisions\/6474"}],"wp:attachment":[{"href":"https:\/\/marhama.org\/index.php?rest_route=%2Fwp%2Fv2%2Fmedia&parent=3636"}],"curies":[{"name":"wp","href":"https:\/\/api.w.org\/{rel}","templated":true}]}}